{"id":7959,"date":"2022-09-07T08:20:05","date_gmt":"2022-09-07T08:20:05","guid":{"rendered":"https:\/\/www.vielca.com\/unsere-leistungen-gewerliche-anlagen"},"modified":"2024-12-13T11:16:52","modified_gmt":"2024-12-13T11:16:52","slug":"gewerliche-anlagen","status":"publish","type":"page","link":"https:\/\/www.vielca.com\/de\/gewerliche-anlagen","title":{"rendered":"Unsere Leistungen &#8211; Industrielle Anlagen"},"content":{"rendered":"\t\t<div data-elementor-type=\"wp-page\" data-elementor-id=\"7959\" class=\"elementor elementor-7959 elementor-3770\" data-elementor-settings=\"{&quot;ha_cmc_init_switcher&quot;:&quot;no&quot;}\" data-elementor-post-type=\"page\">\n\t\t\t\t\t\t<section class=\"elementor-section elementor-top-section elementor-element elementor-element-a0ae13c elementor-section-height-min-height elementor-section-boxed elementor-section-height-default elementor-section-items-middle\" data-id=\"a0ae13c\" data-element_type=\"section\" data-settings=\"{&quot;background_background&quot;:&quot;classic&quot;,&quot;_ha_eqh_enable&quot;:false}\">\n\t\t\t\t\t\t\t<div class=\"elementor-background-overlay\"><\/div>\n\t\t\t\t\t\t\t<div class=\"elementor-container elementor-column-gap-default\">\n\t\t\t\t\t<div class=\"elementor-column elementor-col-100 elementor-top-column elementor-element elementor-element-b47fc2a\" data-id=\"b47fc2a\" data-element_type=\"column\">\n\t\t\t<div class=\"elementor-widget-wrap\">\n\t\t\t\t\t\t\t<\/div>\n\t\t<\/div>\n\t\t\t\t\t<\/div>\n\t\t<\/section>\n\t\t\t\t<section class=\"elementor-section elementor-top-section elementor-element elementor-element-03ec808 elementor-section-boxed elementor-section-height-default elementor-section-height-default\" data-id=\"03ec808\" data-element_type=\"section\" data-settings=\"{&quot;background_background&quot;:&quot;slideshow&quot;,&quot;background_slideshow_gallery&quot;:[],&quot;background_slideshow_loop&quot;:&quot;yes&quot;,&quot;background_slideshow_slide_duration&quot;:5000,&quot;background_slideshow_slide_transition&quot;:&quot;fade&quot;,&quot;background_slideshow_transition_duration&quot;:500,&quot;_ha_eqh_enable&quot;:false}\">\n\t\t\t\t\t\t<div class=\"elementor-container elementor-column-gap-default\">\n\t\t\t\t\t<div class=\"elementor-column elementor-col-100 elementor-top-column elementor-element elementor-element-e4196d2\" data-id=\"e4196d2\" data-element_type=\"column\">\n\t\t\t<div class=\"elementor-widget-wrap elementor-element-populated\">\n\t\t\t\t\t\t<section class=\"elementor-section elementor-inner-section elementor-element elementor-element-0b3585d elementor-section-boxed elementor-section-height-default elementor-section-height-default\" data-id=\"0b3585d\" data-element_type=\"section\" data-settings=\"{&quot;_ha_eqh_enable&quot;:false}\">\n\t\t\t\t\t\t<div class=\"elementor-container elementor-column-gap-default\">\n\t\t\t\t\t<div class=\"elementor-column elementor-col-50 elementor-inner-column elementor-element elementor-element-7b7ec32\" data-id=\"7b7ec32\" data-element_type=\"column\">\n\t\t\t<div class=\"elementor-widget-wrap elementor-element-populated\">\n\t\t\t\t\t\t<div class=\"elementor-element elementor-element-910c13c elementor-widget elementor-widget-heading\" data-id=\"910c13c\" data-element_type=\"widget\" data-widget_type=\"heading.default\">\n\t\t\t\t<div class=\"elementor-widget-container\">\n\t\t\t\t\t<h2 class=\"elementor-heading-title elementor-size-default\">UNSERE LEISTUNGEN<\/h2>\t\t\t\t<\/div>\n\t\t\t\t<\/div>\n\t\t\t\t<div class=\"elementor-element elementor-element-6c452b0 elementor-widget elementor-widget-heading\" data-id=\"6c452b0\" data-element_type=\"widget\" data-widget_type=\"heading.default\">\n\t\t\t\t<div class=\"elementor-widget-container\">\n\t\t\t\t\t<h1 class=\"elementor-heading-title elementor-size-default\">INDUSTRIELLE<br>ANLAGEN<\/h1>\t\t\t\t<\/div>\n\t\t\t\t<\/div>\n\t\t\t\t\t<\/div>\n\t\t<\/div>\n\t\t\t\t<div class=\"elementor-column elementor-col-50 elementor-inner-column elementor-element elementor-element-a69fdcb\" data-id=\"a69fdcb\" data-element_type=\"column\">\n\t\t\t<div class=\"elementor-widget-wrap\">\n\t\t\t\t\t\t\t<\/div>\n\t\t<\/div>\n\t\t\t\t\t<\/div>\n\t\t<\/section>\n\t\t\t\t\t<\/div>\n\t\t<\/div>\n\t\t\t\t\t<\/div>\n\t\t<\/section>\n\t\t\t\t<section class=\"elementor-section elementor-top-section elementor-element elementor-element-5cc574c elementor-section-boxed elementor-section-height-default elementor-section-height-default\" data-id=\"5cc574c\" data-element_type=\"section\" data-settings=\"{&quot;background_background&quot;:&quot;classic&quot;,&quot;_ha_eqh_enable&quot;:false}\">\n\t\t\t\t\t\t<div class=\"elementor-container elementor-column-gap-default\">\n\t\t\t\t\t<div class=\"elementor-column elementor-col-100 elementor-top-column elementor-element elementor-element-d634f37\" data-id=\"d634f37\" data-element_type=\"column\">\n\t\t\t<div class=\"elementor-widget-wrap elementor-element-populated\">\n\t\t\t\t\t\t<section class=\"elementor-section elementor-inner-section elementor-element elementor-element-de7c9aa elementor-section-content-middle elementor-section-boxed elementor-section-height-default elementor-section-height-default\" data-id=\"de7c9aa\" data-element_type=\"section\" data-settings=\"{&quot;_ha_eqh_enable&quot;:false}\">\n\t\t\t\t\t\t<div class=\"elementor-container elementor-column-gap-default\">\n\t\t\t\t\t<div class=\"elementor-column elementor-col-50 elementor-inner-column elementor-element elementor-element-5443fab\" data-id=\"5443fab\" data-element_type=\"column\">\n\t\t\t<div class=\"elementor-widget-wrap elementor-element-populated\">\n\t\t\t\t\t\t<div class=\"elementor-element elementor-element-a38bff7 elementor-widget elementor-widget-heading\" data-id=\"a38bff7\" data-element_type=\"widget\" data-widget_type=\"heading.default\">\n\t\t\t\t<div class=\"elementor-widget-container\">\n\t\t\t\t\t<h2 class=\"elementor-heading-title elementor-size-default\">Wir haben uns auf die industrielle Transformation vorbereitet, indem wir die Informationstechnologien in unsere Abl\u00e4ufe einbezogen haben.<\/h2>\t\t\t\t<\/div>\n\t\t\t\t<\/div>\n\t\t\t\t\t<\/div>\n\t\t<\/div>\n\t\t\t\t<div class=\"elementor-column elementor-col-50 elementor-inner-column elementor-element elementor-element-0e190fb\" data-id=\"0e190fb\" data-element_type=\"column\">\n\t\t\t<div class=\"elementor-widget-wrap elementor-element-populated\">\n\t\t\t\t\t\t<div class=\"elementor-element elementor-element-e700d97 elementor-widget elementor-widget-text-editor\" data-id=\"e700d97\" data-element_type=\"widget\" data-widget_type=\"text-editor.default\">\n\t\t\t\t<div class=\"elementor-widget-container\">\n\t\t\t\t\t\t\t\t\t<p>Im Laufe der vergangenen Dekade hat die Firma Vielca Ingenieros Bauentw\u00fcrfe f\u00fcr gro\u00dfe gewerbliche Anlagen der Privatwirtschaft erstellt und sich zu diesem Zweck auf die BIM Technik gest\u00fctzt.<\/p>\n<p>Bei der Erstellung unserer Entw\u00fcrfe kommen Systeme zum Einsatz, die eine Optimierung der zuk\u00fcnftigen Nutzung der Anlagen gew\u00e4hrleisten und bei der Projektplanung wenden wir Technologien der Informationstechnik, der Datenkontrolle sowie der erweiterten und der virtuellen Realit\u00e4t an. Diese Techniken vermitteln uns jederzeit einen genauen \u00dcberblick \u00fcber s\u00e4mtliche Prozesse der Projekterstellung in Realzeit und tragen damit zur Einsparung von Kosten, zur Verk\u00fcrzung der Fristen, zur Verringerung des Energieverbrauchs und zu einer h\u00f6heren Sicherheit bei.<\/p>\n\t\t\t\t\t\t\t\t<\/div>\n\t\t\t\t<\/div>\n\t\t\t\t\t<\/div>\n\t\t<\/div>\n\t\t\t\t\t<\/div>\n\t\t<\/section>\n\t\t\t\t\t<\/div>\n\t\t<\/div>\n\t\t\t\t\t<\/div>\n\t\t<\/section>\n\t\t\t\t<section class=\"elementor-section elementor-top-section elementor-element elementor-element-717f40e elementor-section-boxed elementor-section-height-default elementor-section-height-default\" data-id=\"717f40e\" data-element_type=\"section\" data-settings=\"{&quot;background_background&quot;:&quot;classic&quot;,&quot;_ha_eqh_enable&quot;:false}\">\n\t\t\t\t\t\t<div class=\"elementor-container elementor-column-gap-default\">\n\t\t\t\t\t<div class=\"elementor-column elementor-col-100 elementor-top-column elementor-element elementor-element-0f51fe7\" data-id=\"0f51fe7\" data-element_type=\"column\">\n\t\t\t<div class=\"elementor-widget-wrap elementor-element-populated\">\n\t\t\t\t\t\t<section class=\"elementor-section elementor-inner-section elementor-element elementor-element-25b8af1 elementor-section-boxed elementor-section-height-default elementor-section-height-default\" data-id=\"25b8af1\" data-element_type=\"section\" data-settings=\"{&quot;_ha_eqh_enable&quot;:false}\">\n\t\t\t\t\t\t<div class=\"elementor-container elementor-column-gap-default\">\n\t\t\t\t\t<div class=\"elementor-column elementor-col-50 elementor-inner-column elementor-element elementor-element-00d87a0\" data-id=\"00d87a0\" data-element_type=\"column\">\n\t\t\t<div class=\"elementor-widget-wrap elementor-element-populated\">\n\t\t\t\t\t\t<div class=\"elementor-element elementor-element-1009346 elementor-widget elementor-widget-heading\" data-id=\"1009346\" data-element_type=\"widget\" data-widget_type=\"heading.default\">\n\t\t\t\t<div class=\"elementor-widget-container\">\n\t\t\t\t\t<h2 class=\"elementor-heading-title elementor-size-default\">PROJEKTE<\/h2>\t\t\t\t<\/div>\n\t\t\t\t<\/div>\n\t\t\t\t<div class=\"elementor-element elementor-element-c0c2f5a elementor-widget elementor-widget-heading\" data-id=\"c0c2f5a\" data-element_type=\"widget\" data-widget_type=\"heading.default\">\n\t\t\t\t<div class=\"elementor-widget-container\">\n\t\t\t\t\t<h1 class=\"elementor-heading-title elementor-size-default\">VERWANDTE<\/h1>\t\t\t\t<\/div>\n\t\t\t\t<\/div>\n\t\t\t\t\t<\/div>\n\t\t<\/div>\n\t\t\t\t<div class=\"elementor-column elementor-col-50 elementor-inner-column elementor-element elementor-element-9360108\" data-id=\"9360108\" data-element_type=\"column\">\n\t\t\t<div class=\"elementor-widget-wrap\">\n\t\t\t\t\t\t\t<\/div>\n\t\t<\/div>\n\t\t\t\t\t<\/div>\n\t\t<\/section>\n\t\t\t\t<div class=\"elementor-element elementor-element-ece52bf elementor-posts--thumbnail-top elementor-grid-3 elementor-grid-tablet-2 elementor-grid-mobile-1 elementor-widget elementor-widget-posts\" data-id=\"ece52bf\" data-element_type=\"widget\" data-settings=\"{&quot;custom_columns&quot;:&quot;3&quot;,&quot;custom_columns_tablet&quot;:&quot;2&quot;,&quot;custom_columns_mobile&quot;:&quot;1&quot;,&quot;custom_row_gap&quot;:{&quot;unit&quot;:&quot;px&quot;,&quot;size&quot;:35,&quot;sizes&quot;:[]},&quot;custom_row_gap_tablet&quot;:{&quot;unit&quot;:&quot;px&quot;,&quot;size&quot;:&quot;&quot;,&quot;sizes&quot;:[]},&quot;custom_row_gap_mobile&quot;:{&quot;unit&quot;:&quot;px&quot;,&quot;size&quot;:&quot;&quot;,&quot;sizes&quot;:[]}}\" data-widget_type=\"posts.custom\">\n\t\t\t\t<div class=\"elementor-widget-container\">\n\t\t\t\t\t      <div class=\"ecs-posts elementor-posts-container elementor-posts   elementor-grid elementor-posts--skin-custom\" data-settings=\"{&quot;current_page&quot;:1,&quot;max_num_pages&quot;:0,&quot;load_method&quot;:&quot;&quot;,&quot;widget_id&quot;:&quot;ece52bf&quot;,&quot;post_id&quot;:7959,&quot;theme_id&quot;:7959,&quot;change_url&quot;:false,&quot;reinit_js&quot;:false}\">\n      <div class=\"elementor-posts-nothing-found\"><\/div>\t\t<\/div>\n\t\t\t\t\t\t<\/div>\n\t\t\t\t<\/div>\n\t\t\t\t<div class=\"elementor-element elementor-element-77ce6b3 elementor-align-center elementor-mobile-align-center elementor-widget elementor-widget-button\" data-id=\"77ce6b3\" data-element_type=\"widget\" data-widget_type=\"button.default\">\n\t\t\t\t<div class=\"elementor-widget-container\">\n\t\t\t\t\t\t\t\t\t<div class=\"elementor-button-wrapper\">\n\t\t\t\t\t<a class=\"elementor-button elementor-button-link elementor-size-sm elementor-animation-grow\" href=\"https:\/\/www.vielca.com\/de\/durchgefuhrte-arbeiten?_sft_ambito_proyecto=instalaciones-industriales\">\n\t\t\t\t\t\t<span class=\"elementor-button-content-wrapper\">\n\t\t\t\t\t\t\t\t\t<span class=\"elementor-button-text\">WEITERE VERWANDTE PROJEKTE ANZEIGEN<\/span>\n\t\t\t\t\t<\/span>\n\t\t\t\t\t<\/a>\n\t\t\t\t<\/div>\n\t\t\t\t\t\t\t\t<\/div>\n\t\t\t\t<\/div>\n\t\t\t\t\t<\/div>\n\t\t<\/div>\n\t\t\t\t\t<\/div>\n\t\t<\/section>\n\t\t\t\t<\/div>\n\t\t","protected":false},"excerpt":{"rendered":"<p>UNSERE LEISTUNGEN INDUSTRIELLEANLAGEN Wir haben uns auf die industrielle Transformation vorbereitet, indem wir die Informationstechnologien in unsere Abl\u00e4ufe einbezogen haben. Im Laufe der vergangenen Dekade hat die Firma Vielca Ingenieros Bauentw\u00fcrfe f\u00fcr gro\u00dfe gewerbliche Anlagen der Privatwirtschaft erstellt und sich zu diesem Zweck auf die BIM Technik gest\u00fctzt. Bei der Erstellung unserer Entw\u00fcrfe kommen Systeme [&hellip;]<\/p>\n","protected":false},"author":1,"featured_media":0,"parent":0,"menu_order":0,"comment_status":"closed","ping_status":"closed","template":"","meta":{"footnotes":""},"folder":[],"class_list":["post-7959","page","type-page","status-publish","hentry"],"yoast_head":"<!-- This site is optimized with the Yoast SEO plugin v25.9 - https:\/\/yoast.com\/wordpress\/plugins\/seo\/ -->\r\n<title>Unsere Leistungen - Industrielle Anlagen - Vielca Ingenieros<\/title>\r\n<meta name=\"robots\" content=\"index, follow, max-snippet:-1, max-image-preview:large, max-video-preview:-1\" \/>\r\n<link rel=\"canonical\" href=\"https:\/\/www.vielca.com\/de\/gewerliche-anlagen\" \/>\r\n<meta property=\"og:locale\" content=\"de_DE\" \/>\r\n<meta property=\"og:type\" content=\"article\" \/>\r\n<meta property=\"og:title\" content=\"Unsere Leistungen - Industrielle Anlagen - Vielca Ingenieros\" \/>\r\n<meta property=\"og:description\" content=\"UNSERE LEISTUNGEN INDUSTRIELLEANLAGEN Wir haben uns auf die industrielle Transformation vorbereitet, indem wir die Informationstechnologien in unsere Abl\u00e4ufe einbezogen haben. Im Laufe der vergangenen Dekade hat die Firma Vielca Ingenieros Bauentw\u00fcrfe f\u00fcr gro\u00dfe gewerbliche Anlagen der Privatwirtschaft erstellt und sich zu diesem Zweck auf die BIM Technik gest\u00fctzt. Bei der Erstellung unserer Entw\u00fcrfe kommen Systeme [&hellip;]\" \/>\r\n<meta property=\"og:url\" content=\"https:\/\/www.vielca.com\/de\/gewerliche-anlagen\" \/>\r\n<meta property=\"og:site_name\" content=\"Vielca Ingenieros\" \/>\r\n<meta property=\"article:modified_time\" content=\"2024-12-13T11:16:52+00:00\" \/>\r\n<meta name=\"twitter:card\" content=\"summary_large_image\" \/>\r\n<meta name=\"twitter:label1\" content=\"Gesch\u00e4tzte Lesezeit\" \/>\n\t<meta name=\"twitter:data1\" content=\"2\u00a0Minuten\" \/>\r\n<script type=\"application\/ld+json\" class=\"yoast-schema-graph\">{\"@context\":\"https:\/\/schema.org\",\"@graph\":[{\"@type\":\"WebPage\",\"@id\":\"https:\/\/www.vielca.com\/de\/gewerliche-anlagen\",\"url\":\"https:\/\/www.vielca.com\/de\/gewerliche-anlagen\",\"name\":\"Unsere Leistungen - Industrielle Anlagen - Vielca Ingenieros\",\"isPartOf\":{\"@id\":\"https:\/\/www.vielca.com\/de#website\"},\"datePublished\":\"2022-09-07T08:20:05+00:00\",\"dateModified\":\"2024-12-13T11:16:52+00:00\",\"breadcrumb\":{\"@id\":\"https:\/\/www.vielca.com\/de\/gewerliche-anlagen#breadcrumb\"},\"inLanguage\":\"de\",\"potentialAction\":[{\"@type\":\"ReadAction\",\"target\":[\"https:\/\/www.vielca.com\/de\/gewerliche-anlagen\"]}]},{\"@type\":\"BreadcrumbList\",\"@id\":\"https:\/\/www.vielca.com\/de\/gewerliche-anlagen#breadcrumb\",\"itemListElement\":[{\"@type\":\"ListItem\",\"position\":1,\"name\":\"Portada\",\"item\":\"https:\/\/www.vielca.com\/de\/homepage\"},{\"@type\":\"ListItem\",\"position\":2,\"name\":\"Unsere Leistungen &#8211; Industrielle Anlagen\"}]},{\"@type\":\"WebSite\",\"@id\":\"https:\/\/www.vielca.com\/de#website\",\"url\":\"https:\/\/www.vielca.com\/de\",\"name\":\"Vielca Ingenieros\",\"description\":\"El referente en la ingenier\u00eda\",\"publisher\":{\"@id\":\"https:\/\/www.vielca.com\/de#organization\"},\"potentialAction\":[{\"@type\":\"SearchAction\",\"target\":{\"@type\":\"EntryPoint\",\"urlTemplate\":\"https:\/\/www.vielca.com\/de?s={search_term_string}\"},\"query-input\":{\"@type\":\"PropertyValueSpecification\",\"valueRequired\":true,\"valueName\":\"search_term_string\"}}],\"inLanguage\":\"de\"},{\"@type\":\"Organization\",\"@id\":\"https:\/\/www.vielca.com\/de#organization\",\"name\":\"Vielca Ingenieros\",\"url\":\"https:\/\/www.vielca.com\/de\",\"logo\":{\"@type\":\"ImageObject\",\"inLanguage\":\"de\",\"@id\":\"https:\/\/www.vielca.com\/de#\/schema\/logo\/image\/\",\"url\":\"https:\/\/www.vielca.com\/wp-content\/uploads\/2022\/10\/VIELCA-INGENIEROS-logotipo.png\",\"contentUrl\":\"https:\/\/www.vielca.com\/wp-content\/uploads\/2022\/10\/VIELCA-INGENIEROS-logotipo.png\",\"width\":1527,\"height\":477,\"caption\":\"Vielca Ingenieros\"},\"image\":{\"@id\":\"https:\/\/www.vielca.com\/de#\/schema\/logo\/image\/\"},\"sameAs\":[\"https:\/\/www.linkedin.com\/company\/vielca-ingenieros-s.a.\",\"https:\/\/www.instagram.com\/vielca_ingenieros\/\"]}]}<\/script>\r\n<!-- \/ Yoast SEO plugin. -->","yoast_head_json":{"title":"Unsere Leistungen - Industrielle Anlagen - Vielca Ingenieros","robots":{"index":"index","follow":"follow","max-snippet":"max-snippet:-1","max-image-preview":"max-image-preview:large","max-video-preview":"max-video-preview:-1"},"canonical":"https:\/\/www.vielca.com\/de\/gewerliche-anlagen","og_locale":"de_DE","og_type":"article","og_title":"Unsere Leistungen - Industrielle Anlagen - Vielca Ingenieros","og_description":"UNSERE LEISTUNGEN INDUSTRIELLEANLAGEN Wir haben uns auf die industrielle Transformation vorbereitet, indem wir die Informationstechnologien in unsere Abl\u00e4ufe einbezogen haben. Im Laufe der vergangenen Dekade hat die Firma Vielca Ingenieros Bauentw\u00fcrfe f\u00fcr gro\u00dfe gewerbliche Anlagen der Privatwirtschaft erstellt und sich zu diesem Zweck auf die BIM Technik gest\u00fctzt. Bei der Erstellung unserer Entw\u00fcrfe kommen Systeme [&hellip;]","og_url":"https:\/\/www.vielca.com\/de\/gewerliche-anlagen","og_site_name":"Vielca Ingenieros","article_modified_time":"2024-12-13T11:16:52+00:00","twitter_card":"summary_large_image","twitter_misc":{"Gesch\u00e4tzte Lesezeit":"2\u00a0Minuten"},"schema":{"@context":"https:\/\/schema.org","@graph":[{"@type":"WebPage","@id":"https:\/\/www.vielca.com\/de\/gewerliche-anlagen","url":"https:\/\/www.vielca.com\/de\/gewerliche-anlagen","name":"Unsere Leistungen - Industrielle Anlagen - Vielca Ingenieros","isPartOf":{"@id":"https:\/\/www.vielca.com\/de#website"},"datePublished":"2022-09-07T08:20:05+00:00","dateModified":"2024-12-13T11:16:52+00:00","breadcrumb":{"@id":"https:\/\/www.vielca.com\/de\/gewerliche-anlagen#breadcrumb"},"inLanguage":"de","potentialAction":[{"@type":"ReadAction","target":["https:\/\/www.vielca.com\/de\/gewerliche-anlagen"]}]},{"@type":"BreadcrumbList","@id":"https:\/\/www.vielca.com\/de\/gewerliche-anlagen#breadcrumb","itemListElement":[{"@type":"ListItem","position":1,"name":"Portada","item":"https:\/\/www.vielca.com\/de\/homepage"},{"@type":"ListItem","position":2,"name":"Unsere Leistungen &#8211; Industrielle Anlagen"}]},{"@type":"WebSite","@id":"https:\/\/www.vielca.com\/de#website","url":"https:\/\/www.vielca.com\/de","name":"Vielca Ingenieros","description":"El referente en la ingenier\u00eda","publisher":{"@id":"https:\/\/www.vielca.com\/de#organization"},"potentialAction":[{"@type":"SearchAction","target":{"@type":"EntryPoint","urlTemplate":"https:\/\/www.vielca.com\/de?s={search_term_string}"},"query-input":{"@type":"PropertyValueSpecification","valueRequired":true,"valueName":"search_term_string"}}],"inLanguage":"de"},{"@type":"Organization","@id":"https:\/\/www.vielca.com\/de#organization","name":"Vielca Ingenieros","url":"https:\/\/www.vielca.com\/de","logo":{"@type":"ImageObject","inLanguage":"de","@id":"https:\/\/www.vielca.com\/de#\/schema\/logo\/image\/","url":"https:\/\/www.vielca.com\/wp-content\/uploads\/2022\/10\/VIELCA-INGENIEROS-logotipo.png","contentUrl":"https:\/\/www.vielca.com\/wp-content\/uploads\/2022\/10\/VIELCA-INGENIEROS-logotipo.png","width":1527,"height":477,"caption":"Vielca Ingenieros"},"image":{"@id":"https:\/\/www.vielca.com\/de#\/schema\/logo\/image\/"},"sameAs":["https:\/\/www.linkedin.com\/company\/vielca-ingenieros-s.a.","https:\/\/www.instagram.com\/vielca_ingenieros\/"]}]}},"_links":{"self":[{"href":"https:\/\/www.vielca.com\/de\/wp-json\/wp\/v2\/pages\/7959","targetHints":{"allow":["GET"]}}],"collection":[{"href":"https:\/\/www.vielca.com\/de\/wp-json\/wp\/v2\/pages"}],"about":[{"href":"https:\/\/www.vielca.com\/de\/wp-json\/wp\/v2\/types\/page"}],"author":[{"embeddable":true,"href":"https:\/\/www.vielca.com\/de\/wp-json\/wp\/v2\/users\/1"}],"replies":[{"embeddable":true,"href":"https:\/\/www.vielca.com\/de\/wp-json\/wp\/v2\/comments?post=7959"}],"version-history":[{"count":2,"href":"https:\/\/www.vielca.com\/de\/wp-json\/wp\/v2\/pages\/7959\/revisions"}],"predecessor-version":[{"id":18320,"href":"https:\/\/www.vielca.com\/de\/wp-json\/wp\/v2\/pages\/7959\/revisions\/18320"}],"wp:attachment":[{"href":"https:\/\/www.vielca.com\/de\/wp-json\/wp\/v2\/media?parent=7959"}],"wp:term":[{"taxonomy":"folder","embeddable":true,"href":"https:\/\/www.vielca.com\/de\/wp-json\/wp\/v2\/folder?post=7959"}],"curies":[{"name":"wp","href":"https:\/\/api.w.org\/{rel}","templated":true}]}}