{"id":8028,"date":"2021-08-31T07:07:43","date_gmt":"2021-08-31T07:07:43","guid":{"rendered":"https:\/\/www.vielca.com\/datenschutzerklaerung-und-datenschutz"},"modified":"2022-12-21T11:01:25","modified_gmt":"2022-12-21T11:01:25","slug":"datenschutzerklaerung-und-datenschutz","status":"publish","type":"page","link":"https:\/\/www.vielca.com\/de\/datenschutzerklaerung-und-datenschutz","title":{"rendered":"Datenschutzerkl\u00e4rung und Datenschutz"},"content":{"rendered":"\t\t<div data-elementor-type=\"wp-page\" data-elementor-id=\"8028\" class=\"elementor elementor-8028 elementor-619\" data-elementor-settings=\"{&quot;ha_cmc_init_switcher&quot;:&quot;no&quot;}\" data-elementor-post-type=\"page\">\n\t\t\t\t\t\t<section class=\"elementor-section elementor-top-section elementor-element elementor-element-b3312ee elementor-section-boxed elementor-section-height-default elementor-section-height-default\" data-id=\"b3312ee\" data-element_type=\"section\" data-settings=\"{&quot;background_background&quot;:&quot;slideshow&quot;,&quot;background_slideshow_gallery&quot;:[],&quot;background_slideshow_loop&quot;:&quot;yes&quot;,&quot;background_slideshow_slide_duration&quot;:5000,&quot;background_slideshow_slide_transition&quot;:&quot;fade&quot;,&quot;background_slideshow_transition_duration&quot;:500,&quot;_ha_eqh_enable&quot;:false}\">\n\t\t\t\t\t\t<div class=\"elementor-container elementor-column-gap-default\">\n\t\t\t\t\t<div class=\"elementor-column elementor-col-100 elementor-top-column elementor-element elementor-element-fb4a8ab\" data-id=\"fb4a8ab\" data-element_type=\"column\">\n\t\t\t<div class=\"elementor-widget-wrap elementor-element-populated\">\n\t\t\t\t\t\t<section class=\"elementor-section elementor-inner-section elementor-element elementor-element-bfb259e elementor-section-boxed elementor-section-height-default elementor-section-height-default\" data-id=\"bfb259e\" data-element_type=\"section\" data-settings=\"{&quot;_ha_eqh_enable&quot;:false}\">\n\t\t\t\t\t\t<div class=\"elementor-container elementor-column-gap-default\">\n\t\t\t\t\t<div class=\"elementor-column elementor-col-100 elementor-inner-column elementor-element elementor-element-8731838\" data-id=\"8731838\" data-element_type=\"column\">\n\t\t\t<div class=\"elementor-widget-wrap elementor-element-populated\">\n\t\t\t\t\t\t<div class=\"elementor-element elementor-element-4f18d6a elementor-widget elementor-widget-heading\" data-id=\"4f18d6a\" data-element_type=\"widget\" data-widget_type=\"heading.default\">\n\t\t\t\t<div class=\"elementor-widget-container\">\n\t\t\t\t\t<h1 class=\"elementor-heading-title elementor-size-default\">DATENSCHUTZERKL\u00c4RUNG UND DATENSCHUTZ<\/h1>\t\t\t\t<\/div>\n\t\t\t\t<\/div>\n\t\t\t\t\t<\/div>\n\t\t<\/div>\n\t\t\t\t\t<\/div>\n\t\t<\/section>\n\t\t\t\t\t<\/div>\n\t\t<\/div>\n\t\t\t\t\t<\/div>\n\t\t<\/section>\n\t\t\t\t<section class=\"elementor-section elementor-top-section elementor-element elementor-element-028c9de elementor-section-boxed elementor-section-height-default elementor-section-height-default\" data-id=\"028c9de\" data-element_type=\"section\" data-settings=\"{&quot;_ha_eqh_enable&quot;:false}\">\n\t\t\t\t\t\t<div class=\"elementor-container elementor-column-gap-default\">\n\t\t\t\t\t<div class=\"elementor-column elementor-col-100 elementor-top-column elementor-element elementor-element-97b1bee\" data-id=\"97b1bee\" data-element_type=\"column\">\n\t\t\t<div class=\"elementor-widget-wrap elementor-element-populated\">\n\t\t\t\t\t\t<div class=\"elementor-element elementor-element-9f5cdf4 elementor-widget elementor-widget-heading\" data-id=\"9f5cdf4\" data-element_type=\"widget\" data-widget_type=\"heading.default\">\n\t\t\t\t<div class=\"elementor-widget-container\">\n\t\t\t\t\t<h2 class=\"elementor-heading-title elementor-size-default\">RECHTLICHER HINWEIS<\/h2>\t\t\t\t<\/div>\n\t\t\t\t<\/div>\n\t\t\t\t<div class=\"elementor-element elementor-element-93739ea elementor-widget elementor-widget-text-editor\" data-id=\"93739ea\" data-element_type=\"widget\" data-widget_type=\"text-editor.default\">\n\t\t\t\t<div class=\"elementor-widget-container\">\n\t\t\t\t\t\t\t\t\t<table>\n<tbody>\n<tr>\n<td>Name:<\/td>\n<td>Vielca Ingenieros, SA<\/td>\n<\/tr>\n<tr>\n<td>Gesellschaftlicher Sitz:<\/td>\n<td> Avda. Arag\u00f3n, 17, 46010 Valencia<\/td>\n<\/tr>\n<tr>\n<td>CIF:<\/td>\n<td> A98030604<\/td>\n<\/tr>\n<tr>\n<td>e-Mail:<\/td>\n<td> vielca@vielca.com<\/td>\n<\/tr>\n<\/tbody>\n<\/table>\n\t\t\t\t\t\t\t\t<\/div>\n\t\t\t\t<\/div>\n\t\t\t\t<div class=\"elementor-element elementor-element-6bb6347 elementor-widget elementor-widget-heading\" data-id=\"6bb6347\" data-element_type=\"widget\" data-widget_type=\"heading.default\">\n\t\t\t\t<div class=\"elementor-widget-container\">\n\t\t\t\t\t<h2 class=\"elementor-heading-title elementor-size-default\">OBJETO<\/h2>\t\t\t\t<\/div>\n\t\t\t\t<\/div>\n\t\t\t\t<div class=\"elementor-element elementor-element-66922ef elementor-widget elementor-widget-text-editor\" data-id=\"66922ef\" data-element_type=\"widget\" data-widget_type=\"text-editor.default\">\n\t\t\t\t<div class=\"elementor-widget-container\">\n\t\t\t\t\t\t\t\t\t<p>Der Anbieter, der f\u00fcr die Website verantwortlich ist, stellt den Nutzern dieses Dokument zur Verf\u00fcgung, mit dem er beabsichtigt, die Verpflichtungen gem\u00e4\u00df den geltenden Vorschriften zum Schutz personenbezogener Daten zu erf\u00fcllen und alle Nutzer der Website \u00fcber die Nutzungsbedingungen der Website zu informieren.<\/p>\n<p>Jede Person, die auf diese Website zugreift, \u00fcbernimmt die Rolle des Benutzers und verpflichtet sich zur strikten Einhaltung und Einhaltung der hier dargelegten Bestimmungen sowie aller anderen geltenden gesetzlichen Bestimmungen.<\/p>\n<p>Der Anbieter beh\u00e4lt sich das Recht vor, jegliche Informationen, die auf der Website erscheinen, zu \u00e4ndern, ohne dass eine Verpflichtung besteht, die Nutzer \u00fcber diese Verpflichtungen zu informieren oder zu informieren, was mit der Ver\u00f6ffentlichung auf der Website des Anbieters als ausreichend angesehen wird.<\/p>\n\t\t\t\t\t\t\t\t<\/div>\n\t\t\t\t<\/div>\n\t\t\t\t<div class=\"elementor-element elementor-element-bc4ce94 elementor-widget elementor-widget-heading\" data-id=\"bc4ce94\" data-element_type=\"widget\" data-widget_type=\"heading.default\">\n\t\t\t\t<div class=\"elementor-widget-container\">\n\t\t\t\t\t<h2 class=\"elementor-heading-title elementor-size-default\">HAFTUNG<\/h2>\t\t\t\t<\/div>\n\t\t\t\t<\/div>\n\t\t\t\t<div class=\"elementor-element elementor-element-87d1787 elementor-widget elementor-widget-text-editor\" data-id=\"87d1787\" data-element_type=\"widget\" data-widget_type=\"text-editor.default\">\n\t\t\t\t<div class=\"elementor-widget-container\">\n\t\t\t\t\t\t\t\t\t<p>Der Anbieter lehnt jegliche Haftung f\u00fcr die auf seiner Website ver\u00f6ffentlichten Informationen ab, sofern diese Informationen von Dritten manipuliert oder eingegeben wurden.<\/p>\n<p>Die Website des Anbieters kann Cookies (kleine Informationsdateien, die der Server an das Ger\u00e4t des Besuchers sendet) verwenden, um bestimmte Funktionen auszuf\u00fchren, die f\u00fcr das ordnungsgem\u00e4\u00dfe Funktionieren und die Anzeige der Website als unerl\u00e4sslich erachtet werden. Die auf der Website verwendeten Cookies haben in jedem Fall einen tempor\u00e4ren Charakter, der ausschlie\u00dflich dazu dient, ihre sp\u00e4tere \u00dcbertragung effizienter zu gestalten, und verschwinden am Ende der Benutzersitzung. In keinem Fall werden Cookies verwendet, um personenbezogene Daten zu sammeln.<\/p>\n<p>Von der Website des Kunden kann es sein, dass Sie auf Inhalte von Websites Dritter umgeleitet werden. Da der Anbieter die von Dritten auf seinen Webseiten eingestellten Inhalte nicht immer kontrollieren kann, \u00fcbernimmt er keinerlei Haftung f\u00fcr diese Inhalte. In jedem Fall erkl\u00e4rt der Anbieter, dass er alle Inhalte, die gegen nationale oder internationale Gesetze, die guten Sitten oder die \u00f6ffentliche Ordnung versto\u00dfen k\u00f6nnten, unverz\u00fcglich entfernen wird, indem er die Weiterleitung zu dieser Website unverz\u00fcglich entfernt und die zust\u00e4ndigen Beh\u00f6rden \u00fcber die betreffenden Inhalte informiert.<\/p>\n<p>Der Anbieter \u00fcbernimmt keine Verantwortung f\u00fcr Informationen und Inhalte, die &#8211; ausdr\u00fccklich, aber nicht beschr\u00e4nkt auf &#8211; in Foren, Chats, Blog-Generatoren, Kommentaren, sozialen Netzwerken oder anderen Medien gespeichert sind, die es Dritten erm\u00f6glichen, Inhalte unabh\u00e4ngig auf der Website des Anbieters zu ver\u00f6ffentlichen. Der Anbieter stellt jedoch allen Nutzern, Beh\u00f6rden und Strafverfolgungsbeh\u00f6rden zur Verf\u00fcgung und wirkt aktiv an der Entfernung oder gegebenenfalls Sperrung aller Inhalte mit, die das nationale oder internationale Recht, die Rechte Dritter oder die \u00f6ffentliche Moral und Ordnung beeintr\u00e4chtigen oder verletzen k\u00f6nnten. Wenn der Nutzer der Meinung ist, dass es auf der Website Inhalte gibt, die f\u00fcr diese Klassifizierung anf\u00e4llig sein k\u00f6nnten, wird er gebeten, dies unverz\u00fcglich dem Administrator der Website mitzuteilen.<\/p>\n\t\t\t\t\t\t\t\t<\/div>\n\t\t\t\t<\/div>\n\t\t\t\t<div class=\"elementor-element elementor-element-a1b9e9f elementor-widget elementor-widget-heading\" data-id=\"a1b9e9f\" data-element_type=\"widget\" data-widget_type=\"heading.default\">\n\t\t\t\t<div class=\"elementor-widget-container\">\n\t\t\t\t\t<h2 class=\"elementor-heading-title elementor-size-default\">RECHTLICHER HINWEIS UND DATENSCHUTZERKL\u00c4RUNG<\/h2>\t\t\t\t<\/div>\n\t\t\t\t<\/div>\n\t\t\t\t<div class=\"elementor-element elementor-element-8dbec52 elementor-widget elementor-widget-text-editor\" data-id=\"8dbec52\" data-element_type=\"widget\" data-widget_type=\"text-editor.default\">\n\t\t\t\t<div class=\"elementor-widget-container\">\n\t\t\t\t\t\t\t\t\t<p>Diese Website wurde \u00fcberpr\u00fcft und getestet, um einwandfrei zu funktionieren. Grunds\u00e4tzlich kann der einwandfreie Betrieb an 365 Tagen im Jahr rund um die Uhr gew\u00e4hrleistet werden. Der Anbieter schlie\u00dft jedoch nicht aus, dass bestimmte Programmierfehler, h\u00f6here Gewalt, Naturkatastrophen, Streiks oder \u00e4hnliche Umst\u00e4nde den Zugriff auf die Website unm\u00f6glich machen.<\/p>\n\t\t\t\t\t\t\t\t<\/div>\n\t\t\t\t<\/div>\n\t\t\t\t<div class=\"elementor-element elementor-element-5ed5c2d elementor-widget elementor-widget-heading\" data-id=\"5ed5c2d\" data-element_type=\"widget\" data-widget_type=\"heading.default\">\n\t\t\t\t<div class=\"elementor-widget-container\">\n\t\t\t\t\t<h2 class=\"elementor-heading-title elementor-size-default\">SCHUTZ PERSONENBEZOGENER DATEN<\/h2>\t\t\t\t<\/div>\n\t\t\t\t<\/div>\n\t\t\t\t<div class=\"elementor-element elementor-element-ffe6bab elementor-widget elementor-widget-text-editor\" data-id=\"ffe6bab\" data-element_type=\"widget\" data-widget_type=\"text-editor.default\">\n\t\t\t\t<div class=\"elementor-widget-container\">\n\t\t\t\t\t\t\t\t\t<p>Der Anbieter h\u00e4lt sich an die Richtlinien der geltenden Datenschutzvorschriften und sorgt f\u00fcr die ordnungsgem\u00e4\u00dfe Verwendung und Verarbeitung der personenbezogenen Daten des Nutzers.<\/p>\n<p>Der Nutzer kann seine Rechte aus\u00fcben:<\/p>\n<ul>\n<li>Sie m\u00fcssen wissen, wof\u00fcr Ihre Daten verwendet werden, wer sie besitzt, an wen sie weitergegeben werden und wer die Endempf\u00e4nger sind und wie lange Ihre Daten aufbewahrt oder verwendet werden.<\/li>\n<li>Sie k\u00f6nnen den Verantwortlichen auffordern, die Verarbeitung Ihrer Daten auszusetzen, bis die Richtigkeit der Daten \u00fcberpr\u00fcft wird, oder bis Ihr Widerspruchsrecht gegen die Verarbeitung aufgehoben wird, die Speicherung Ihrer personenbezogenen Daten, wenn die Verarbeitung unrechtm\u00e4\u00dfig ist und Sie sich ihrer L\u00f6schung widersetzen, indem Sie die Einschr\u00e4nkung ihrer Verwendung verlangen und die \u00dcbertragbarkeit Ihrer Daten in einem strukturierten Format an andere Anbieter verlangen; allgemein gebr\u00e4uchlich und maschinenlesbar.<\/li>\n<li>Berichtigung Ihrer Daten, wenn diese unrichtig oder unvollst\u00e4ndig sind.<\/li>\n<li>Ihre Daten unverz\u00fcglich zu l\u00f6schen, wenn sie unrechtm\u00e4\u00dfig verarbeitet wurden oder der Zweck, f\u00fcr den sie erhoben oder verarbeitet wurden, entf\u00e4llt (\u201eRecht auf Vergessenwerden\u201c). Ausnahme: Recht auf freie Meinungs\u00e4u\u00dferung und Informationsfreiheit.<\/li>\n<li>Widerspruch gegen die Verarbeitung Ihrer personenbezogenen Daten, wenn diese Verarbeitung aus Gr\u00fcnden, die sich aus Ihrer pers\u00f6nlichen Situation ergeben, beendet werden muss oder wenn der Zweck Direktwerbung ist. Ausnahme: wenn ein berechtigtes Interesse nachgewiesen wird oder wenn dies f\u00fcr die Verteidigung oder die Geltendmachung von Anspr\u00fcchen erforderlich ist.<\/li>\n<\/ul>\n<p>In Bezug auf die elektronische Kommunikation informieren wir Sie, dass die personenbezogenen Daten in einer automatisierten Datei gespeichert sind, f\u00fcr die der Anbieter verantwortlich ist. Wenn Sie Ihre Rechte aus\u00fcben m\u00f6chten, wenden Sie sich bitte schriftlich oder per E-Mail an die angegebenen Medien.<\/p>\n\t\t\t\t\t\t\t\t<\/div>\n\t\t\t\t<\/div>\n\t\t\t\t<div class=\"elementor-element elementor-element-6a712e2 elementor-widget elementor-widget-heading\" data-id=\"6a712e2\" data-element_type=\"widget\" data-widget_type=\"heading.default\">\n\t\t\t\t<div class=\"elementor-widget-container\">\n\t\t\t\t\t<h2 class=\"elementor-heading-title elementor-size-default\">GEISTIGES UND GEWERBLICHES EIGENTUM<\/h2>\t\t\t\t<\/div>\n\t\t\t\t<\/div>\n\t\t\t\t<div class=\"elementor-element elementor-element-9023db4 elementor-widget elementor-widget-text-editor\" data-id=\"9023db4\" data-element_type=\"widget\" data-widget_type=\"text-editor.default\">\n\t\t\t\t<div class=\"elementor-widget-container\">\n\t\t\t\t\t\t\t\t\t<p>Die Website, einschlie\u00dflich, aber nicht beschr\u00e4nkt auf ihre Programmierung, Bearbeitung, Zusammenstellung und andere f\u00fcr ihren Betrieb notwendige Elemente, Designs, Logos, Texte und\/oder Grafiken, sind Eigentum des Anbieters oder gegebenenfalls lizenziert oder ausdr\u00fccklich von den Autoren autorisiert. Alle Inhalte der Website sind ordnungsgem\u00e4\u00df durch die Vorschriften \u00fcber geistiges und gewerbliches Eigentum gesch\u00fctzt und in den entsprechenden \u00f6ffentlichen Registern eingetragen.<\/p>\n<p>Die vollst\u00e4ndige oder teilweise Vervielf\u00e4ltigung, Nutzung, Verwertung, Verbreitung und Vermarktung bedarf unabh\u00e4ngig von ihrem Zweck in jedem Fall der vorherigen schriftlichen Zustimmung des Anbieters.<\/p>\n<p>Jede nicht genehmigte Nutzung durch den Anbieter gilt als schwere Verletzung der Rechte des geistigen Eigentums des Urhebers.<\/p>\n<p>Die Designs, Logos, Texte und\/oder Grafiken, die nicht vom Anbieter stammen und auf der Website erscheinen k\u00f6nnen, sind Eigentum ihrer jeweiligen Eigent\u00fcmer, die f\u00fcr eventuelle Streitigkeiten, die sich daraus ergeben, verantwortlich sind. In jedem Fall muss der Dienstleistungserbringer die ausdr\u00fcckliche vorherige Genehmigung der Dienstleistungserbringer einholen.<\/p>\n<p>Der Anbieter gestattet ausdr\u00fccklich, dass Dritte direkt auf bestimmte Inhalte der Website verweisen k\u00f6nnen, wobei er in jedem Fall auf die Haupt-Website des Anbieters weiterleiten muss.<\/p>\n<p>Der Dienstleistungserbringer erkennt die entsprechenden gewerblichen und geistigen Eigentumsrechte zugunsten ihrer Inhaber an, wobei die blo\u00dfe Erw\u00e4hnung oder das Erscheinen auf der Website nicht dazu f\u00fchrt, dass der Dienstleistungserbringer Rechte oder Haftung an diesen Rechten besitzt, noch dass der Dienstleistungserbringer sie bef\u00fcrwortet, bef\u00fcrwortet oder bef\u00fcrwortet.<\/p>\n<p>Wenn Sie Bemerkungen zu m\u00f6glichen Verst\u00f6\u00dfen gegen geistige oder gewerbliche Eigentumsrechte sowie zu jeglichen Inhalten der Website machen m\u00f6chten, wenden Sie sich bitte schriftlich oder per E-Mail an die angegebenen Medien.<\/p>\n\t\t\t\t\t\t\t\t<\/div>\n\t\t\t\t<\/div>\n\t\t\t\t<div class=\"elementor-element elementor-element-75610a9 elementor-widget elementor-widget-heading\" data-id=\"75610a9\" data-element_type=\"widget\" data-widget_type=\"heading.default\">\n\t\t\t\t<div class=\"elementor-widget-container\">\n\t\t\t\t\t<h2 class=\"elementor-heading-title elementor-size-default\">ANWENDBARES RECHT UND GERICHTSSTAND<\/h2>\t\t\t\t<\/div>\n\t\t\t\t<\/div>\n\t\t\t\t<div class=\"elementor-element elementor-element-7f1db50 elementor-widget elementor-widget-text-editor\" data-id=\"7f1db50\" data-element_type=\"widget\" data-widget_type=\"text-editor.default\">\n\t\t\t\t<div class=\"elementor-widget-container\">\n\t\t\t\t\t\t\t\t\t<p>F\u00fcr die Beilegung aller Streitigkeiten oder Fragen im Zusammenhang mit dieser Website oder den auf ihr durchgef\u00fchrten Aktivit\u00e4ten gilt das spanische Recht, dem sich die Parteien ausdr\u00fccklich unterwerfen, und f\u00fcr die Beilegung aller Streitigkeiten, die sich aus oder im Zusammenhang mit ihrer Nutzung ergeben, sind die Gerichte und Gerichte der Provinz des Sitzes des Dienstleisters zust\u00e4ndig.<\/p>\n\t\t\t\t\t\t\t\t<\/div>\n\t\t\t\t<\/div>\n\t\t\t\t\t<\/div>\n\t\t<\/div>\n\t\t\t\t\t<\/div>\n\t\t<\/section>\n\t\t\t\t<\/div>\n\t\t","protected":false},"excerpt":{"rendered":"<p>DATENSCHUTZERKL\u00c4RUNG UND DATENSCHUTZ RECHTLICHER HINWEIS Name: Vielca Ingenieros, SA Gesellschaftlicher Sitz: Avda. Arag\u00f3n, 17, 46010 Valencia CIF: A98030604 e-Mail: vielca@vielca.com OBJETO Der Anbieter, der f\u00fcr die Website verantwortlich ist, stellt den Nutzern dieses Dokument zur Verf\u00fcgung, mit dem er beabsichtigt, die Verpflichtungen gem\u00e4\u00df den geltenden Vorschriften zum Schutz personenbezogener Daten zu erf\u00fcllen und alle Nutzer [&hellip;]<\/p>\n","protected":false},"author":1,"featured_media":0,"parent":0,"menu_order":0,"comment_status":"closed","ping_status":"closed","template":"","meta":{"footnotes":""},"folder":[],"class_list":["post-8028","page","type-page","status-publish","hentry"],"yoast_head":"<!-- This site is optimized with the Yoast SEO plugin v25.9 - https:\/\/yoast.com\/wordpress\/plugins\/seo\/ -->\r\n<title>Datenschutzerkl\u00e4rung und Datenschutz - Vielca Ingenieros<\/title>\r\n<meta name=\"robots\" content=\"index, follow, max-snippet:-1, max-image-preview:large, max-video-preview:-1\" \/>\r\n<link rel=\"canonical\" href=\"https:\/\/www.vielca.com\/de\/datenschutzerklaerung-und-datenschutz\" \/>\r\n<meta property=\"og:locale\" content=\"de_DE\" \/>\r\n<meta property=\"og:type\" content=\"article\" \/>\r\n<meta property=\"og:title\" content=\"Datenschutzerkl\u00e4rung und Datenschutz - Vielca Ingenieros\" \/>\r\n<meta property=\"og:description\" content=\"DATENSCHUTZERKL\u00c4RUNG UND DATENSCHUTZ RECHTLICHER HINWEIS Name: Vielca Ingenieros, SA Gesellschaftlicher Sitz: Avda. Arag\u00f3n, 17, 46010 Valencia CIF: A98030604 e-Mail: vielca@vielca.com OBJETO Der Anbieter, der f\u00fcr die Website verantwortlich ist, stellt den Nutzern dieses Dokument zur Verf\u00fcgung, mit dem er beabsichtigt, die Verpflichtungen gem\u00e4\u00df den geltenden Vorschriften zum Schutz personenbezogener Daten zu erf\u00fcllen und alle Nutzer [&hellip;]\" \/>\r\n<meta property=\"og:url\" content=\"https:\/\/www.vielca.com\/de\/datenschutzerklaerung-und-datenschutz\" \/>\r\n<meta property=\"og:site_name\" content=\"Vielca Ingenieros\" \/>\r\n<meta property=\"article:modified_time\" content=\"2022-12-21T11:01:25+00:00\" \/>\r\n<meta name=\"twitter:card\" content=\"summary_large_image\" \/>\r\n<meta name=\"twitter:label1\" content=\"Gesch\u00e4tzte Lesezeit\" \/>\n\t<meta name=\"twitter:data1\" content=\"6\u00a0Minuten\" \/>\r\n<script type=\"application\/ld+json\" class=\"yoast-schema-graph\">{\"@context\":\"https:\/\/schema.org\",\"@graph\":[{\"@type\":\"WebPage\",\"@id\":\"https:\/\/www.vielca.com\/de\/datenschutzerklaerung-und-datenschutz\",\"url\":\"https:\/\/www.vielca.com\/de\/datenschutzerklaerung-und-datenschutz\",\"name\":\"Datenschutzerkl\u00e4rung und Datenschutz - Vielca Ingenieros\",\"isPartOf\":{\"@id\":\"https:\/\/www.vielca.com\/de#website\"},\"datePublished\":\"2021-08-31T07:07:43+00:00\",\"dateModified\":\"2022-12-21T11:01:25+00:00\",\"breadcrumb\":{\"@id\":\"https:\/\/www.vielca.com\/de\/datenschutzerklaerung-und-datenschutz#breadcrumb\"},\"inLanguage\":\"de\",\"potentialAction\":[{\"@type\":\"ReadAction\",\"target\":[\"https:\/\/www.vielca.com\/de\/datenschutzerklaerung-und-datenschutz\"]}]},{\"@type\":\"BreadcrumbList\",\"@id\":\"https:\/\/www.vielca.com\/de\/datenschutzerklaerung-und-datenschutz#breadcrumb\",\"itemListElement\":[{\"@type\":\"ListItem\",\"position\":1,\"name\":\"Portada\",\"item\":\"https:\/\/www.vielca.com\/de\/homepage\"},{\"@type\":\"ListItem\",\"position\":2,\"name\":\"Datenschutzerkl\u00e4rung und Datenschutz\"}]},{\"@type\":\"WebSite\",\"@id\":\"https:\/\/www.vielca.com\/de#website\",\"url\":\"https:\/\/www.vielca.com\/de\",\"name\":\"Vielca Ingenieros\",\"description\":\"El referente en la ingenier\u00eda\",\"publisher\":{\"@id\":\"https:\/\/www.vielca.com\/de#organization\"},\"potentialAction\":[{\"@type\":\"SearchAction\",\"target\":{\"@type\":\"EntryPoint\",\"urlTemplate\":\"https:\/\/www.vielca.com\/de?s={search_term_string}\"},\"query-input\":{\"@type\":\"PropertyValueSpecification\",\"valueRequired\":true,\"valueName\":\"search_term_string\"}}],\"inLanguage\":\"de\"},{\"@type\":\"Organization\",\"@id\":\"https:\/\/www.vielca.com\/de#organization\",\"name\":\"Vielca Ingenieros\",\"url\":\"https:\/\/www.vielca.com\/de\",\"logo\":{\"@type\":\"ImageObject\",\"inLanguage\":\"de\",\"@id\":\"https:\/\/www.vielca.com\/de#\/schema\/logo\/image\/\",\"url\":\"https:\/\/www.vielca.com\/wp-content\/uploads\/2022\/10\/VIELCA-INGENIEROS-logotipo.png\",\"contentUrl\":\"https:\/\/www.vielca.com\/wp-content\/uploads\/2022\/10\/VIELCA-INGENIEROS-logotipo.png\",\"width\":1527,\"height\":477,\"caption\":\"Vielca Ingenieros\"},\"image\":{\"@id\":\"https:\/\/www.vielca.com\/de#\/schema\/logo\/image\/\"},\"sameAs\":[\"https:\/\/www.linkedin.com\/company\/vielca-ingenieros-s.a.\",\"https:\/\/www.instagram.com\/vielca_ingenieros\/\"]}]}<\/script>\r\n<!-- \/ Yoast SEO plugin. -->","yoast_head_json":{"title":"Datenschutzerkl\u00e4rung und Datenschutz - Vielca Ingenieros","robots":{"index":"index","follow":"follow","max-snippet":"max-snippet:-1","max-image-preview":"max-image-preview:large","max-video-preview":"max-video-preview:-1"},"canonical":"https:\/\/www.vielca.com\/de\/datenschutzerklaerung-und-datenschutz","og_locale":"de_DE","og_type":"article","og_title":"Datenschutzerkl\u00e4rung und Datenschutz - Vielca Ingenieros","og_description":"DATENSCHUTZERKL\u00c4RUNG UND DATENSCHUTZ RECHTLICHER HINWEIS Name: Vielca Ingenieros, SA Gesellschaftlicher Sitz: Avda. Arag\u00f3n, 17, 46010 Valencia CIF: A98030604 e-Mail: vielca@vielca.com OBJETO Der Anbieter, der f\u00fcr die Website verantwortlich ist, stellt den Nutzern dieses Dokument zur Verf\u00fcgung, mit dem er beabsichtigt, die Verpflichtungen gem\u00e4\u00df den geltenden Vorschriften zum Schutz personenbezogener Daten zu erf\u00fcllen und alle Nutzer [&hellip;]","og_url":"https:\/\/www.vielca.com\/de\/datenschutzerklaerung-und-datenschutz","og_site_name":"Vielca Ingenieros","article_modified_time":"2022-12-21T11:01:25+00:00","twitter_card":"summary_large_image","twitter_misc":{"Gesch\u00e4tzte Lesezeit":"6\u00a0Minuten"},"schema":{"@context":"https:\/\/schema.org","@graph":[{"@type":"WebPage","@id":"https:\/\/www.vielca.com\/de\/datenschutzerklaerung-und-datenschutz","url":"https:\/\/www.vielca.com\/de\/datenschutzerklaerung-und-datenschutz","name":"Datenschutzerkl\u00e4rung und Datenschutz - Vielca Ingenieros","isPartOf":{"@id":"https:\/\/www.vielca.com\/de#website"},"datePublished":"2021-08-31T07:07:43+00:00","dateModified":"2022-12-21T11:01:25+00:00","breadcrumb":{"@id":"https:\/\/www.vielca.com\/de\/datenschutzerklaerung-und-datenschutz#breadcrumb"},"inLanguage":"de","potentialAction":[{"@type":"ReadAction","target":["https:\/\/www.vielca.com\/de\/datenschutzerklaerung-und-datenschutz"]}]},{"@type":"BreadcrumbList","@id":"https:\/\/www.vielca.com\/de\/datenschutzerklaerung-und-datenschutz#breadcrumb","itemListElement":[{"@type":"ListItem","position":1,"name":"Portada","item":"https:\/\/www.vielca.com\/de\/homepage"},{"@type":"ListItem","position":2,"name":"Datenschutzerkl\u00e4rung und Datenschutz"}]},{"@type":"WebSite","@id":"https:\/\/www.vielca.com\/de#website","url":"https:\/\/www.vielca.com\/de","name":"Vielca Ingenieros","description":"El referente en la ingenier\u00eda","publisher":{"@id":"https:\/\/www.vielca.com\/de#organization"},"potentialAction":[{"@type":"SearchAction","target":{"@type":"EntryPoint","urlTemplate":"https:\/\/www.vielca.com\/de?s={search_term_string}"},"query-input":{"@type":"PropertyValueSpecification","valueRequired":true,"valueName":"search_term_string"}}],"inLanguage":"de"},{"@type":"Organization","@id":"https:\/\/www.vielca.com\/de#organization","name":"Vielca Ingenieros","url":"https:\/\/www.vielca.com\/de","logo":{"@type":"ImageObject","inLanguage":"de","@id":"https:\/\/www.vielca.com\/de#\/schema\/logo\/image\/","url":"https:\/\/www.vielca.com\/wp-content\/uploads\/2022\/10\/VIELCA-INGENIEROS-logotipo.png","contentUrl":"https:\/\/www.vielca.com\/wp-content\/uploads\/2022\/10\/VIELCA-INGENIEROS-logotipo.png","width":1527,"height":477,"caption":"Vielca Ingenieros"},"image":{"@id":"https:\/\/www.vielca.com\/de#\/schema\/logo\/image\/"},"sameAs":["https:\/\/www.linkedin.com\/company\/vielca-ingenieros-s.a.","https:\/\/www.instagram.com\/vielca_ingenieros\/"]}]}},"_links":{"self":[{"href":"https:\/\/www.vielca.com\/de\/wp-json\/wp\/v2\/pages\/8028","targetHints":{"allow":["GET"]}}],"collection":[{"href":"https:\/\/www.vielca.com\/de\/wp-json\/wp\/v2\/pages"}],"about":[{"href":"https:\/\/www.vielca.com\/de\/wp-json\/wp\/v2\/types\/page"}],"author":[{"embeddable":true,"href":"https:\/\/www.vielca.com\/de\/wp-json\/wp\/v2\/users\/1"}],"replies":[{"embeddable":true,"href":"https:\/\/www.vielca.com\/de\/wp-json\/wp\/v2\/comments?post=8028"}],"version-history":[{"count":1,"href":"https:\/\/www.vielca.com\/de\/wp-json\/wp\/v2\/pages\/8028\/revisions"}],"predecessor-version":[{"id":8029,"href":"https:\/\/www.vielca.com\/de\/wp-json\/wp\/v2\/pages\/8028\/revisions\/8029"}],"wp:attachment":[{"href":"https:\/\/www.vielca.com\/de\/wp-json\/wp\/v2\/media?parent=8028"}],"wp:term":[{"taxonomy":"folder","embeddable":true,"href":"https:\/\/www.vielca.com\/de\/wp-json\/wp\/v2\/folder?post=8028"}],"curies":[{"name":"wp","href":"https:\/\/api.w.org\/{rel}","templated":true}]}}