{"id":12626,"date":"2022-09-07T08:20:05","date_gmt":"2022-09-07T08:20:05","guid":{"rendered":"https:\/\/www.vielca.com\/ce-que-nous-faisons-installations-industrielles"},"modified":"2024-12-13T11:01:42","modified_gmt":"2024-12-13T11:01:42","slug":"ce-que-nous-faisons-installations-industrielles","status":"publish","type":"page","link":"https:\/\/www.vielca.com\/fr\/ce-que-nous-faisons-installations-industrielles","title":{"rendered":"Ce que nous faisons &#8211; Installations Industrielles"},"content":{"rendered":"\t\t<div data-elementor-type=\"wp-page\" data-elementor-id=\"12626\" class=\"elementor elementor-12626 elementor-3770\" data-elementor-settings=\"{&quot;ha_cmc_init_switcher&quot;:&quot;no&quot;}\" data-elementor-post-type=\"page\">\n\t\t\t\t\t\t<section class=\"elementor-section elementor-top-section elementor-element elementor-element-a0ae13c elementor-section-height-min-height elementor-section-boxed elementor-section-height-default elementor-section-items-middle\" data-id=\"a0ae13c\" data-element_type=\"section\" data-settings=\"{&quot;background_background&quot;:&quot;classic&quot;,&quot;_ha_eqh_enable&quot;:false}\">\n\t\t\t\t\t\t\t<div class=\"elementor-background-overlay\"><\/div>\n\t\t\t\t\t\t\t<div class=\"elementor-container elementor-column-gap-default\">\n\t\t\t\t\t<div class=\"elementor-column elementor-col-100 elementor-top-column elementor-element elementor-element-b47fc2a\" data-id=\"b47fc2a\" data-element_type=\"column\">\n\t\t\t<div class=\"elementor-widget-wrap\">\n\t\t\t\t\t\t\t<\/div>\n\t\t<\/div>\n\t\t\t\t\t<\/div>\n\t\t<\/section>\n\t\t\t\t<section class=\"elementor-section elementor-top-section elementor-element elementor-element-03ec808 elementor-section-boxed elementor-section-height-default elementor-section-height-default\" data-id=\"03ec808\" data-element_type=\"section\" data-settings=\"{&quot;background_background&quot;:&quot;slideshow&quot;,&quot;background_slideshow_gallery&quot;:[],&quot;background_slideshow_loop&quot;:&quot;yes&quot;,&quot;background_slideshow_slide_duration&quot;:5000,&quot;background_slideshow_slide_transition&quot;:&quot;fade&quot;,&quot;background_slideshow_transition_duration&quot;:500,&quot;_ha_eqh_enable&quot;:false}\">\n\t\t\t\t\t\t<div class=\"elementor-container elementor-column-gap-default\">\n\t\t\t\t\t<div class=\"elementor-column elementor-col-100 elementor-top-column elementor-element elementor-element-e4196d2\" data-id=\"e4196d2\" data-element_type=\"column\">\n\t\t\t<div class=\"elementor-widget-wrap elementor-element-populated\">\n\t\t\t\t\t\t<section class=\"elementor-section elementor-inner-section elementor-element elementor-element-0b3585d elementor-section-boxed elementor-section-height-default elementor-section-height-default\" data-id=\"0b3585d\" data-element_type=\"section\" data-settings=\"{&quot;_ha_eqh_enable&quot;:false}\">\n\t\t\t\t\t\t<div class=\"elementor-container elementor-column-gap-default\">\n\t\t\t\t\t<div class=\"elementor-column elementor-col-50 elementor-inner-column elementor-element elementor-element-7b7ec32\" data-id=\"7b7ec32\" data-element_type=\"column\">\n\t\t\t<div class=\"elementor-widget-wrap elementor-element-populated\">\n\t\t\t\t\t\t<div class=\"elementor-element elementor-element-910c13c elementor-widget elementor-widget-heading\" data-id=\"910c13c\" data-element_type=\"widget\" data-widget_type=\"heading.default\">\n\t\t\t\t<div class=\"elementor-widget-container\">\n\t\t\t\t\t<h2 class=\"elementor-heading-title elementor-size-default\">QU'EST-CE QU'ON FAIT ?<\/h2>\t\t\t\t<\/div>\n\t\t\t\t<\/div>\n\t\t\t\t<div class=\"elementor-element elementor-element-6c452b0 elementor-widget elementor-widget-heading\" data-id=\"6c452b0\" data-element_type=\"widget\" data-widget_type=\"heading.default\">\n\t\t\t\t<div class=\"elementor-widget-container\">\n\t\t\t\t\t<h1 class=\"elementor-heading-title elementor-size-default\">INSTALLATIONS<br>INDUSTRIELLES<\/h1>\t\t\t\t<\/div>\n\t\t\t\t<\/div>\n\t\t\t\t\t<\/div>\n\t\t<\/div>\n\t\t\t\t<div class=\"elementor-column elementor-col-50 elementor-inner-column elementor-element elementor-element-a69fdcb\" data-id=\"a69fdcb\" data-element_type=\"column\">\n\t\t\t<div class=\"elementor-widget-wrap\">\n\t\t\t\t\t\t\t<\/div>\n\t\t<\/div>\n\t\t\t\t\t<\/div>\n\t\t<\/section>\n\t\t\t\t\t<\/div>\n\t\t<\/div>\n\t\t\t\t\t<\/div>\n\t\t<\/section>\n\t\t\t\t<section class=\"elementor-section elementor-top-section elementor-element elementor-element-5cc574c elementor-section-boxed elementor-section-height-default elementor-section-height-default\" data-id=\"5cc574c\" data-element_type=\"section\" data-settings=\"{&quot;background_background&quot;:&quot;classic&quot;,&quot;_ha_eqh_enable&quot;:false}\">\n\t\t\t\t\t\t<div class=\"elementor-container elementor-column-gap-default\">\n\t\t\t\t\t<div class=\"elementor-column elementor-col-100 elementor-top-column elementor-element elementor-element-d634f37\" data-id=\"d634f37\" data-element_type=\"column\">\n\t\t\t<div class=\"elementor-widget-wrap elementor-element-populated\">\n\t\t\t\t\t\t<section class=\"elementor-section elementor-inner-section elementor-element elementor-element-de7c9aa elementor-section-content-middle elementor-section-boxed elementor-section-height-default elementor-section-height-default\" data-id=\"de7c9aa\" data-element_type=\"section\" data-settings=\"{&quot;_ha_eqh_enable&quot;:false}\">\n\t\t\t\t\t\t<div class=\"elementor-container elementor-column-gap-default\">\n\t\t\t\t\t<div class=\"elementor-column elementor-col-50 elementor-inner-column elementor-element elementor-element-5443fab\" data-id=\"5443fab\" data-element_type=\"column\">\n\t\t\t<div class=\"elementor-widget-wrap elementor-element-populated\">\n\t\t\t\t\t\t<div class=\"elementor-element elementor-element-a38bff7 elementor-widget elementor-widget-heading\" data-id=\"a38bff7\" data-element_type=\"widget\" data-widget_type=\"heading.default\">\n\t\t\t\t<div class=\"elementor-widget-container\">\n\t\t\t\t\t<h2 class=\"elementor-heading-title elementor-size-default\">Pr\u00e9par\u00e9s \u00e0 la transformation industrielle en int\u00e9grant les technologies de l'information<\/h2>\t\t\t\t<\/div>\n\t\t\t\t<\/div>\n\t\t\t\t\t<\/div>\n\t\t<\/div>\n\t\t\t\t<div class=\"elementor-column elementor-col-50 elementor-inner-column elementor-element elementor-element-0e190fb\" data-id=\"0e190fb\" data-element_type=\"column\">\n\t\t\t<div class=\"elementor-widget-wrap elementor-element-populated\">\n\t\t\t\t\t\t<div class=\"elementor-element elementor-element-e700d97 elementor-widget elementor-widget-text-editor\" data-id=\"e700d97\" data-element_type=\"widget\" data-widget_type=\"text-editor.default\">\n\t\t\t\t<div class=\"elementor-widget-container\">\n\t\t\t\t\t\t\t\t\t<p>Au cours de la derni\u00e8re d\u00e9cennie, Vielca Ingenieros a d\u00e9velopp\u00e9 des conceptions de grandes installations industrielles pour le secteur priv\u00e9, en travaillant sur la m\u00e9thodologie BIM.<\/p>\n<p>Nous avons utilis\u00e9 des syst\u00e8mes de conception qui optimisent l&rsquo;exploitation future des installations, des technologies de l&rsquo;information, du contr\u00f4le des donn\u00e9es, de la r\u00e9alit\u00e9 augment\u00e9e et de la r\u00e9alit\u00e9 virtuelle, ce qui nous permet d&rsquo;avoir une vision en temps r\u00e9el de l&rsquo;ensemble du processus de conception, avec des \u00e9conomies en termes de co\u00fbts, de d\u00e9lais, de consommation d&rsquo;\u00e9nergie et de s\u00e9curit\u00e9.<\/p>\n\t\t\t\t\t\t\t\t<\/div>\n\t\t\t\t<\/div>\n\t\t\t\t\t<\/div>\n\t\t<\/div>\n\t\t\t\t\t<\/div>\n\t\t<\/section>\n\t\t\t\t\t<\/div>\n\t\t<\/div>\n\t\t\t\t\t<\/div>\n\t\t<\/section>\n\t\t\t\t<section class=\"elementor-section elementor-top-section elementor-element elementor-element-717f40e elementor-section-boxed elementor-section-height-default elementor-section-height-default\" data-id=\"717f40e\" data-element_type=\"section\" data-settings=\"{&quot;background_background&quot;:&quot;classic&quot;,&quot;_ha_eqh_enable&quot;:false}\">\n\t\t\t\t\t\t<div class=\"elementor-container elementor-column-gap-default\">\n\t\t\t\t\t<div class=\"elementor-column elementor-col-100 elementor-top-column elementor-element elementor-element-0f51fe7\" data-id=\"0f51fe7\" data-element_type=\"column\">\n\t\t\t<div class=\"elementor-widget-wrap elementor-element-populated\">\n\t\t\t\t\t\t<section class=\"elementor-section elementor-inner-section elementor-element elementor-element-25b8af1 elementor-section-boxed elementor-section-height-default elementor-section-height-default\" data-id=\"25b8af1\" data-element_type=\"section\" data-settings=\"{&quot;_ha_eqh_enable&quot;:false}\">\n\t\t\t\t\t\t<div class=\"elementor-container elementor-column-gap-default\">\n\t\t\t\t\t<div class=\"elementor-column elementor-col-50 elementor-inner-column elementor-element elementor-element-00d87a0\" data-id=\"00d87a0\" data-element_type=\"column\">\n\t\t\t<div class=\"elementor-widget-wrap elementor-element-populated\">\n\t\t\t\t\t\t<div class=\"elementor-element elementor-element-1009346 elementor-widget elementor-widget-heading\" data-id=\"1009346\" data-element_type=\"widget\" data-widget_type=\"heading.default\">\n\t\t\t\t<div class=\"elementor-widget-container\">\n\t\t\t\t\t<h2 class=\"elementor-heading-title elementor-size-default\">PROJETS<\/h2>\t\t\t\t<\/div>\n\t\t\t\t<\/div>\n\t\t\t\t<div class=\"elementor-element elementor-element-c0c2f5a elementor-widget elementor-widget-heading\" data-id=\"c0c2f5a\" data-element_type=\"widget\" data-widget_type=\"heading.default\">\n\t\t\t\t<div class=\"elementor-widget-container\">\n\t\t\t\t\t<h1 class=\"elementor-heading-title elementor-size-default\">CONNEXES<\/h1>\t\t\t\t<\/div>\n\t\t\t\t<\/div>\n\t\t\t\t\t<\/div>\n\t\t<\/div>\n\t\t\t\t<div class=\"elementor-column elementor-col-50 elementor-inner-column elementor-element elementor-element-9360108\" data-id=\"9360108\" data-element_type=\"column\">\n\t\t\t<div class=\"elementor-widget-wrap\">\n\t\t\t\t\t\t\t<\/div>\n\t\t<\/div>\n\t\t\t\t\t<\/div>\n\t\t<\/section>\n\t\t\t\t<div class=\"elementor-element elementor-element-ece52bf elementor-posts--thumbnail-top elementor-grid-3 elementor-grid-tablet-2 elementor-grid-mobile-1 elementor-widget elementor-widget-posts\" data-id=\"ece52bf\" data-element_type=\"widget\" data-settings=\"{&quot;custom_columns&quot;:&quot;3&quot;,&quot;custom_columns_tablet&quot;:&quot;2&quot;,&quot;custom_columns_mobile&quot;:&quot;1&quot;,&quot;custom_row_gap&quot;:{&quot;unit&quot;:&quot;px&quot;,&quot;size&quot;:35,&quot;sizes&quot;:[]},&quot;custom_row_gap_tablet&quot;:{&quot;unit&quot;:&quot;px&quot;,&quot;size&quot;:&quot;&quot;,&quot;sizes&quot;:[]},&quot;custom_row_gap_mobile&quot;:{&quot;unit&quot;:&quot;px&quot;,&quot;size&quot;:&quot;&quot;,&quot;sizes&quot;:[]}}\" data-widget_type=\"posts.custom\">\n\t\t\t\t<div class=\"elementor-widget-container\">\n\t\t\t\t\t      <div class=\"ecs-posts elementor-posts-container elementor-posts   elementor-grid elementor-posts--skin-custom\" data-settings=\"{&quot;current_page&quot;:1,&quot;max_num_pages&quot;:0,&quot;load_method&quot;:&quot;&quot;,&quot;widget_id&quot;:&quot;ece52bf&quot;,&quot;post_id&quot;:12626,&quot;theme_id&quot;:12626,&quot;change_url&quot;:false,&quot;reinit_js&quot;:false}\">\n      <div class=\"elementor-posts-nothing-found\"><\/div>\t\t<\/div>\n\t\t\t\t\t\t<\/div>\n\t\t\t\t<\/div>\n\t\t\t\t<div class=\"elementor-element elementor-element-77ce6b3 elementor-align-center elementor-mobile-align-center elementor-widget elementor-widget-button\" data-id=\"77ce6b3\" data-element_type=\"widget\" data-widget_type=\"button.default\">\n\t\t\t\t<div class=\"elementor-widget-container\">\n\t\t\t\t\t\t\t\t\t<div class=\"elementor-button-wrapper\">\n\t\t\t\t\t<a class=\"elementor-button elementor-button-link elementor-size-sm elementor-animation-grow\" href=\"https:\/\/www.vielca.com\/fr\/travaux-effectues?_sft_ambito_proyecto=instalaciones-industriales\">\n\t\t\t\t\t\t<span class=\"elementor-button-content-wrapper\">\n\t\t\t\t\t\t\t\t\t<span class=\"elementor-button-text\">VOIR PLUS DE PROJETS CONNEXES<\/span>\n\t\t\t\t\t<\/span>\n\t\t\t\t\t<\/a>\n\t\t\t\t<\/div>\n\t\t\t\t\t\t\t\t<\/div>\n\t\t\t\t<\/div>\n\t\t\t\t\t<\/div>\n\t\t<\/div>\n\t\t\t\t\t<\/div>\n\t\t<\/section>\n\t\t\t\t<\/div>\n\t\t","protected":false},"excerpt":{"rendered":"<p>QU&rsquo;EST-CE QU&rsquo;ON FAIT ? INSTALLATIONSINDUSTRIELLES Pr\u00e9par\u00e9s \u00e0 la transformation industrielle en int\u00e9grant les technologies de l&rsquo;information Au cours de la derni\u00e8re d\u00e9cennie, Vielca Ingenieros a d\u00e9velopp\u00e9 des conceptions de grandes installations industrielles pour le secteur priv\u00e9, en travaillant sur la m\u00e9thodologie BIM. Nous avons utilis\u00e9 des syst\u00e8mes de conception qui optimisent l&rsquo;exploitation future des installations, [&hellip;]<\/p>\n","protected":false},"author":1,"featured_media":0,"parent":0,"menu_order":0,"comment_status":"closed","ping_status":"closed","template":"","meta":{"footnotes":""},"folder":[],"class_list":["post-12626","page","type-page","status-publish","hentry"],"yoast_head":"<!-- This site is optimized with the Yoast SEO plugin v25.9 - https:\/\/yoast.com\/wordpress\/plugins\/seo\/ -->\r\n<title>Ce que nous faisons - Installations Industrielles - Vielca Ingenieros<\/title>\r\n<meta name=\"robots\" content=\"index, follow, max-snippet:-1, max-image-preview:large, max-video-preview:-1\" \/>\r\n<link rel=\"canonical\" href=\"https:\/\/www.vielca.com\/fr\/ce-que-nous-faisons-installations-industrielles\" \/>\r\n<meta property=\"og:locale\" content=\"fr_FR\" \/>\r\n<meta property=\"og:type\" content=\"article\" \/>\r\n<meta property=\"og:title\" content=\"Ce que nous faisons - Installations Industrielles - Vielca Ingenieros\" \/>\r\n<meta property=\"og:description\" content=\"QU&rsquo;EST-CE QU&rsquo;ON FAIT ? INSTALLATIONSINDUSTRIELLES Pr\u00e9par\u00e9s \u00e0 la transformation industrielle en int\u00e9grant les technologies de l&rsquo;information Au cours de la derni\u00e8re d\u00e9cennie, Vielca Ingenieros a d\u00e9velopp\u00e9 des conceptions de grandes installations industrielles pour le secteur priv\u00e9, en travaillant sur la m\u00e9thodologie BIM. Nous avons utilis\u00e9 des syst\u00e8mes de conception qui optimisent l&rsquo;exploitation future des installations, [&hellip;]\" \/>\r\n<meta property=\"og:url\" content=\"https:\/\/www.vielca.com\/fr\/ce-que-nous-faisons-installations-industrielles\" \/>\r\n<meta property=\"og:site_name\" content=\"Vielca Ingenieros\" \/>\r\n<meta property=\"article:modified_time\" content=\"2024-12-13T11:01:42+00:00\" \/>\r\n<meta name=\"twitter:card\" content=\"summary_large_image\" \/>\r\n<meta name=\"twitter:label1\" content=\"Dur\u00e9e de lecture estim\u00e9e\" \/>\n\t<meta name=\"twitter:data1\" content=\"2 minutes\" \/>\r\n<script type=\"application\/ld+json\" class=\"yoast-schema-graph\">{\"@context\":\"https:\/\/schema.org\",\"@graph\":[{\"@type\":\"WebPage\",\"@id\":\"https:\/\/www.vielca.com\/fr\/ce-que-nous-faisons-installations-industrielles\",\"url\":\"https:\/\/www.vielca.com\/fr\/ce-que-nous-faisons-installations-industrielles\",\"name\":\"Ce que nous faisons - Installations Industrielles - Vielca Ingenieros\",\"isPartOf\":{\"@id\":\"https:\/\/www.vielca.com\/fr#website\"},\"datePublished\":\"2022-09-07T08:20:05+00:00\",\"dateModified\":\"2024-12-13T11:01:42+00:00\",\"breadcrumb\":{\"@id\":\"https:\/\/www.vielca.com\/fr\/ce-que-nous-faisons-installations-industrielles#breadcrumb\"},\"inLanguage\":\"fr-FR\",\"potentialAction\":[{\"@type\":\"ReadAction\",\"target\":[\"https:\/\/www.vielca.com\/fr\/ce-que-nous-faisons-installations-industrielles\"]}]},{\"@type\":\"BreadcrumbList\",\"@id\":\"https:\/\/www.vielca.com\/fr\/ce-que-nous-faisons-installations-industrielles#breadcrumb\",\"itemListElement\":[{\"@type\":\"ListItem\",\"position\":1,\"name\":\"Portada\",\"item\":\"https:\/\/www.vielca.com\/fr\/accueil\"},{\"@type\":\"ListItem\",\"position\":2,\"name\":\"Ce que nous faisons &#8211; Installations Industrielles\"}]},{\"@type\":\"WebSite\",\"@id\":\"https:\/\/www.vielca.com\/fr#website\",\"url\":\"https:\/\/www.vielca.com\/fr\",\"name\":\"Vielca Ingenieros\",\"description\":\"El referente en la ingenier\u00eda\",\"publisher\":{\"@id\":\"https:\/\/www.vielca.com\/fr#organization\"},\"potentialAction\":[{\"@type\":\"SearchAction\",\"target\":{\"@type\":\"EntryPoint\",\"urlTemplate\":\"https:\/\/www.vielca.com\/fr?s={search_term_string}\"},\"query-input\":{\"@type\":\"PropertyValueSpecification\",\"valueRequired\":true,\"valueName\":\"search_term_string\"}}],\"inLanguage\":\"fr-FR\"},{\"@type\":\"Organization\",\"@id\":\"https:\/\/www.vielca.com\/fr#organization\",\"name\":\"Vielca Ingenieros\",\"url\":\"https:\/\/www.vielca.com\/fr\",\"logo\":{\"@type\":\"ImageObject\",\"inLanguage\":\"fr-FR\",\"@id\":\"https:\/\/www.vielca.com\/fr#\/schema\/logo\/image\/\",\"url\":\"https:\/\/www.vielca.com\/wp-content\/uploads\/2022\/10\/VIELCA-INGENIEROS-logotipo.png\",\"contentUrl\":\"https:\/\/www.vielca.com\/wp-content\/uploads\/2022\/10\/VIELCA-INGENIEROS-logotipo.png\",\"width\":1527,\"height\":477,\"caption\":\"Vielca Ingenieros\"},\"image\":{\"@id\":\"https:\/\/www.vielca.com\/fr#\/schema\/logo\/image\/\"},\"sameAs\":[\"https:\/\/www.linkedin.com\/company\/vielca-ingenieros-s.a.\",\"https:\/\/www.instagram.com\/vielca_ingenieros\/\"]}]}<\/script>\r\n<!-- \/ Yoast SEO plugin. -->","yoast_head_json":{"title":"Ce que nous faisons - Installations Industrielles - Vielca Ingenieros","robots":{"index":"index","follow":"follow","max-snippet":"max-snippet:-1","max-image-preview":"max-image-preview:large","max-video-preview":"max-video-preview:-1"},"canonical":"https:\/\/www.vielca.com\/fr\/ce-que-nous-faisons-installations-industrielles","og_locale":"fr_FR","og_type":"article","og_title":"Ce que nous faisons - Installations Industrielles - Vielca Ingenieros","og_description":"QU&rsquo;EST-CE QU&rsquo;ON FAIT ? INSTALLATIONSINDUSTRIELLES Pr\u00e9par\u00e9s \u00e0 la transformation industrielle en int\u00e9grant les technologies de l&rsquo;information Au cours de la derni\u00e8re d\u00e9cennie, Vielca Ingenieros a d\u00e9velopp\u00e9 des conceptions de grandes installations industrielles pour le secteur priv\u00e9, en travaillant sur la m\u00e9thodologie BIM. Nous avons utilis\u00e9 des syst\u00e8mes de conception qui optimisent l&rsquo;exploitation future des installations, [&hellip;]","og_url":"https:\/\/www.vielca.com\/fr\/ce-que-nous-faisons-installations-industrielles","og_site_name":"Vielca Ingenieros","article_modified_time":"2024-12-13T11:01:42+00:00","twitter_card":"summary_large_image","twitter_misc":{"Dur\u00e9e de lecture estim\u00e9e":"2 minutes"},"schema":{"@context":"https:\/\/schema.org","@graph":[{"@type":"WebPage","@id":"https:\/\/www.vielca.com\/fr\/ce-que-nous-faisons-installations-industrielles","url":"https:\/\/www.vielca.com\/fr\/ce-que-nous-faisons-installations-industrielles","name":"Ce que nous faisons - Installations Industrielles - Vielca Ingenieros","isPartOf":{"@id":"https:\/\/www.vielca.com\/fr#website"},"datePublished":"2022-09-07T08:20:05+00:00","dateModified":"2024-12-13T11:01:42+00:00","breadcrumb":{"@id":"https:\/\/www.vielca.com\/fr\/ce-que-nous-faisons-installations-industrielles#breadcrumb"},"inLanguage":"fr-FR","potentialAction":[{"@type":"ReadAction","target":["https:\/\/www.vielca.com\/fr\/ce-que-nous-faisons-installations-industrielles"]}]},{"@type":"BreadcrumbList","@id":"https:\/\/www.vielca.com\/fr\/ce-que-nous-faisons-installations-industrielles#breadcrumb","itemListElement":[{"@type":"ListItem","position":1,"name":"Portada","item":"https:\/\/www.vielca.com\/fr\/accueil"},{"@type":"ListItem","position":2,"name":"Ce que nous faisons &#8211; Installations Industrielles"}]},{"@type":"WebSite","@id":"https:\/\/www.vielca.com\/fr#website","url":"https:\/\/www.vielca.com\/fr","name":"Vielca Ingenieros","description":"El referente en la ingenier\u00eda","publisher":{"@id":"https:\/\/www.vielca.com\/fr#organization"},"potentialAction":[{"@type":"SearchAction","target":{"@type":"EntryPoint","urlTemplate":"https:\/\/www.vielca.com\/fr?s={search_term_string}"},"query-input":{"@type":"PropertyValueSpecification","valueRequired":true,"valueName":"search_term_string"}}],"inLanguage":"fr-FR"},{"@type":"Organization","@id":"https:\/\/www.vielca.com\/fr#organization","name":"Vielca Ingenieros","url":"https:\/\/www.vielca.com\/fr","logo":{"@type":"ImageObject","inLanguage":"fr-FR","@id":"https:\/\/www.vielca.com\/fr#\/schema\/logo\/image\/","url":"https:\/\/www.vielca.com\/wp-content\/uploads\/2022\/10\/VIELCA-INGENIEROS-logotipo.png","contentUrl":"https:\/\/www.vielca.com\/wp-content\/uploads\/2022\/10\/VIELCA-INGENIEROS-logotipo.png","width":1527,"height":477,"caption":"Vielca Ingenieros"},"image":{"@id":"https:\/\/www.vielca.com\/fr#\/schema\/logo\/image\/"},"sameAs":["https:\/\/www.linkedin.com\/company\/vielca-ingenieros-s.a.","https:\/\/www.instagram.com\/vielca_ingenieros\/"]}]}},"_links":{"self":[{"href":"https:\/\/www.vielca.com\/fr\/wp-json\/wp\/v2\/pages\/12626","targetHints":{"allow":["GET"]}}],"collection":[{"href":"https:\/\/www.vielca.com\/fr\/wp-json\/wp\/v2\/pages"}],"about":[{"href":"https:\/\/www.vielca.com\/fr\/wp-json\/wp\/v2\/types\/page"}],"author":[{"embeddable":true,"href":"https:\/\/www.vielca.com\/fr\/wp-json\/wp\/v2\/users\/1"}],"replies":[{"embeddable":true,"href":"https:\/\/www.vielca.com\/fr\/wp-json\/wp\/v2\/comments?post=12626"}],"version-history":[{"count":2,"href":"https:\/\/www.vielca.com\/fr\/wp-json\/wp\/v2\/pages\/12626\/revisions"}],"predecessor-version":[{"id":18318,"href":"https:\/\/www.vielca.com\/fr\/wp-json\/wp\/v2\/pages\/12626\/revisions\/18318"}],"wp:attachment":[{"href":"https:\/\/www.vielca.com\/fr\/wp-json\/wp\/v2\/media?parent=12626"}],"wp:term":[{"taxonomy":"folder","embeddable":true,"href":"https:\/\/www.vielca.com\/fr\/wp-json\/wp\/v2\/folder?post=12626"}],"curies":[{"name":"wp","href":"https:\/\/api.w.org\/{rel}","templated":true}]}}